{"id":777,"date":"2022-03-29T11:46:59","date_gmt":"2022-03-29T09:46:59","guid":{"rendered":"https:\/\/tc-scholven.de\/?page_id=777"},"modified":"2022-03-30T14:13:16","modified_gmt":"2022-03-30T12:13:16","slug":"satzung","status":"publish","type":"page","link":"https:\/\/tc-scholven.de\/?page_id=777","title":{"rendered":"Satzung"},"content":{"rendered":"<div id=\"pl-777\"  class=\"panel-layout\" ><div id=\"pg-777-0\"  class=\"panel-grid panel-has-style\" ><div style=\"padding: 0px 0; \" data-overlay=\"true\" data-overlay-color=\"#000000\" class=\"panel-row-style panel-row-style-for-777-0\" ><div id=\"pgc-777-0-0\"  class=\"panel-grid-cell\" ><div id=\"panel-777-0-0-0\" class=\"so-panel widget widget_sow-headline panel-first-child\" data-index=\"0\" ><div style=\"text-align: left;\" data-title-color=\"#47425d\" data-headings-color=\"#443f3f\" data-title_alignment=\"center\" class=\"panel-widget-style panel-widget-style-for-777-0-0-0\" ><div\n\t\t\t\n\t\t\tclass=\"so-widget-sow-headline so-widget-sow-headline-default-1eb5c07cf566-777\"\n\t\t\t\n\t\t><div class=\"sow-headline-container \">\n\t\t\t\t\t\t\t<h3 class=\"sow-headline\">\n\t\t\t\t\t\tSatzung <b>TC Scholven e.V.<\/b>\t\t\t\t\t\t<\/h3>\n\t\t\t\t\t\t<\/div>\n<\/div><\/div><\/div><div id=\"panel-777-0-0-1\" class=\"so-panel widget widget_sow-editor panel-last-child\" data-index=\"1\" ><div style=\"text-align: left;\" data-title-color=\"#47425d\" data-headings-color=\"#443f3f\" data-title_alignment=\"center\" class=\"panel-widget-style panel-widget-style-for-777-0-0-1\" ><div\n\t\t\t\n\t\t\tclass=\"so-widget-sow-editor so-widget-sow-editor-base\"\n\t\t\t\n\t\t>\n<div class=\"siteorigin-widget-tinymce textwidget\">\n\t<h4>\u00a7 1 Name und Sitz<\/h4>\n<p>Der Verein f\u00fchrt den Namen \u201e<strong>Tennisclub Scholven e.V.<\/strong>\u201c Der Verein hat seinen Sitz in Gelsenkirchen-Buer und ist im Vereinsregister von Gelsenkirchen-Buer eingetragen.<\/p>\n<h4>\u00a7 2 Zweck<\/h4>\n<p>Der Verein bezweckt die gemeinsame F\u00f6rderung und Pflege des Tennissports. Der\u00a0Verein verfolgt ausschlie\u00dflich und unmittelbar gemeinn\u00fctzige Zwecke im Sinne des Abschn. III \u201eSteuerbeg\u00fcnstigte Zwecke\u201c der Abgabenordnung. Der Satzungszweck wird verwirklicht insbesondere durch die Errichtung und Unterhaltung von Tennisplatzanlagen und die F\u00f6rderung tennissportlicher \u00dcbungen und Leistungen. Der Verein ist selbstlos t\u00e4tig; er verfolgt nicht in erster Linie eigenwirtschaftliche\u00a0Zwecke. Mittel des Vereins d\u00fcrfen nur f\u00fcr die satzungsm\u00e4\u00dfigen Zwecke verwendet werden. Die Mitglieder erhalten keine Zuwendungen aus Mitteln des Vereins. Es darf keine Person durch Ausgaben, die dem Zweck des Vereins fremd sind, oder durch unverh\u00e4ltnism\u00e4\u00dfig hohe Verg\u00fctungen beg\u00fcnstigt werden.<\/p>\n<h4>\u00a7 3 Mitgliedschaft<\/h4>\n<p>Mitglieder k\u00f6nnen alle nat\u00fcrlichen und juristischen Personen werden, die die Ziele des Vereins unterst\u00fctzen.<\/p>\n<p>Der Antrag auf Aufnahme in den Verein ist schriftlich an den Vorstand zu richten, der \u00fcber die Aufnahme entscheidet. Mit der Aufnahme erkennt das Mitglied die Satzung des Vereins an. Ablehnungen von Beitrittserkl\u00e4rungen werden nicht begr\u00fcndet.<br \/>\nDie Mitgliedschaft erlischt<br \/>\n1. durch Tod,<br \/>\n2. durch Austritt,<br \/>\n3. durch Ausschluss<br \/>\nAustrittserkl\u00e4rungen sind dem Vorstand schriftlich mit einer Frist von 3 Monaten zum Ende des Gesch\u00e4ftsjahres mitzuteilen.<br \/>\nEin Mitglied kann durch Beschluss des Vorstandes ausgeschlossen werden, wenn es den Vereinszielen zuwiderhandelt oder seinen Verpflichtungen gegen\u00fcber dem Verein nicht nachkommt. Der Ausschluss bedarf einer Mehrheit von 2\/3 der Mitglieder des Vorstandes. Mit dem Ausscheiden aus dem Verein erl\u00f6schen alle Anspr\u00fcche dem Verein gegen\u00fcber.<\/p>\n<h4>\u00a7 4 Beitr\u00e4ge<\/h4>\n<p>\u00dcber die H\u00f6he und F\u00e4lligkeit der Beitr\u00e4ge beschlie\u00dft die Mitgliederversammlung. Bei<br \/>\nAusscheiden eines Mitgliedes aus dem Verein (Tod, Austritt oder Ausschluss) im Laufe des Kalenderjahres beh\u00e4lt der Verein den Anspruch auf den vollen Jahresbeitrag.<\/p>\n<h4>\u00a7 5 Rechte und Pflichten der Mitglieder<\/h4>\n<p>Die Mitglieder haben das Recht, an den Mitgliederversammlungen des Vereins teilzunehmen, Antr\u00e4ge zu stellen und vom vollendeten 16. Lebensjahr ab das Stimmrecht auszu\u00fcben. Jedes stimmberechtigte Mitglied hat eine Stimme. Das passive Wahlrecht beginnt vom vollendeten 18. Lebensjahr an.<\/p>\n<h4>\u00a7 6 Gesch\u00e4ftsjahr<\/h4>\n<p>Das Gesch\u00e4ftsjahr ist gleich dem Kalenderjahr. Das erste Gesch\u00e4ftsjahr endet am 31.12.1977.<\/p>\n<h4>\u00a7 7 Organe des Vereins<\/h4>\n<p>Organe des Vereins sind Vorstand und Mitgliederversammlung. Auf Beschluss der Mitgliederversammlung k\u00f6nnen weitere organisatorische Einrichtungen, insbesondere Aussch\u00fcsse mit besonderen Aufgaben, geschaffen werden. Der Vorstand besteht aus 1 Vorsitzenden, 1 stellv. Vorsitzenden, dem Sportwart, dem\u00a0Kassenwart und dem Schriftf\u00fchrer. Vorgenannte Vorstandsmitglieder bilden den\u00a0Vorstand im Sinne des \u00a7 26 des B\u00fcrgerlichen Gesetzbuches. Je 2\u00a0Vorstandsmitglieder sind gemeinsam vertretungs- und zeichnungsberechtigt. Der Vorstand f\u00fchrt die Gesch\u00e4fte ehrenamtlich.<\/p>\n<h4>\u00a7 8 Mitgliederversammlung<\/h4>\n<p>Mindestens einmal j\u00e4hrlich findet die Mitgliederversammlung statt, zu der alle\u00a0Mitglieder sp\u00e4testens 3 Wochen vorher vom Vorstand unter Angabe der Tagesordnung schriftlich einzuladen sind. Antr\u00e4ge zur Mitgliederversammlung m\u00fcssen sp\u00e4testens 1 Woche vorher dem Vorstand eingereicht und begr\u00fcndet sein. Der Mitgliederversammlung obliegen:<\/p>\n<p>1. Entgegennahme des Rechenschaftsberichtes des Vorstandes und Bericht der Kassenpr\u00fcfer<br \/>\n2. Entlastung des gesamten Vorstandes<br \/>\n3. Wahl des neuen Vorstandes<br \/>\n4. Wahl von 2 Kassenpr\u00fcfern<br \/>\n5. Jede \u00c4nderung der Satzung 6. Entscheidung \u00fcber Antr\u00e4ge<br \/>\n7. Aufl\u00f6sung des Vereins.<\/p>\n<p>Der Vorstand wird auf die Dauer von 2 Jahren mit einfacher Mehrheit gew\u00e4hlt. Er f\u00fchrt die Gesch\u00e4fte bis zur Neuwahl weiter. Die Kassenpr\u00fcfer d\u00fcrfen dem Vorstand nicht angeh\u00f6ren.<br \/>\nEine Mitgliederversammlung ist vom Vorstand einzuberufen, wenn mindestens 1\/3 der ordentlichen Mitglieder dies schriftlich mit Angabe des Grundes beantragt. Jede ordnungsgem\u00e4\u00df anberaumte Mitgliederversammlung ist beschlussf\u00e4hig. Sie\u00a0beschlie\u00dft \u00fcber Antr\u00e4ge durch einfache Mehrheit, soweit sie nicht Satzungs\u00e4nderungen oder die Aufl\u00f6sung des Vereins betreffen.<br \/>\n\u00dcber jede Mitgliederversammlung ist eine Niederschrift zu fertigen, die von dem Vorsitzenden des Vorstandes und dem Schriftf\u00fchrer zu unterzeichnen ist.<\/p>\n<h4>\u00a7 9 Satzungs\u00e4nderung<\/h4>\n<p>Satzungs\u00e4nderungen k\u00f6nnen nur mit 2\/3 Mehrheit der anwesenden stimmberechtigten Mitglieder beschlossen werden.<\/p>\n<h4>\n\u00a7 10 Haftung<\/h4>\n<p>Der Verein haftet nicht f\u00fcr Sch\u00e4den, die die Mitglieder auf den Anlagen des Vereins erleiden.<\/p>\n<h4>\u00a7 11 Aufl\u00f6sung des Vereins<\/h4>\n<p>Die Aufl\u00f6sung des Vereins kann nur von einer zu diesem Zweck einberufenen\u00a0Mitgliederversammlung mit 2\/3 Mehrheit der anwesenden stimmberechtigten Mitglieder beschlossen werden. Bei Aufl\u00f6sung oder Aufhebung des Vereins ist das Verm\u00f6gen zu steuerbeg\u00fcnstigten Zwecken zu verwenden.<br \/>\nBeschl\u00fcsse \u00fcber k\u00fcnftige Verwendung des Verm\u00f6gens d\u00fcrfen erst nach Einwilligung des Finanzamts ausgef\u00fchrt werden.<\/p>\n<p>Gelsenkirchen-Buer, den 15. Februar 2017<\/p>\n<\/div>\n<\/div><\/div><\/div><\/div><\/div><\/div><\/div>","protected":false},"excerpt":{"rendered":"<p>\u00a7 1 Name und Sitz Der Verein f\u00fchrt den Namen \u201eTennisclub Scholven e.V.\u201c Der Verein hat seinen Sitz in Gelsenkirchen-Buer und ist [&hellip;]<\/p>\n","protected":false},"author":1,"featured_media":0,"parent":785,"menu_order":4,"comment_status":"closed","ping_status":"closed","template":"","meta":{"footnotes":""},"class_list":["post-777","page","type-page","status-publish","hentry"],"_links":{"self":[{"href":"https:\/\/tc-scholven.de\/index.php?rest_route=\/wp\/v2\/pages\/777","targetHints":{"allow":["GET"]}}],"collection":[{"href":"https:\/\/tc-scholven.de\/index.php?rest_route=\/wp\/v2\/pages"}],"about":[{"href":"https:\/\/tc-scholven.de\/index.php?rest_route=\/wp\/v2\/types\/page"}],"author":[{"embeddable":true,"href":"https:\/\/tc-scholven.de\/index.php?rest_route=\/wp\/v2\/users\/1"}],"replies":[{"embeddable":true,"href":"https:\/\/tc-scholven.de\/index.php?rest_route=%2Fwp%2Fv2%2Fcomments&post=777"}],"version-history":[{"count":10,"href":"https:\/\/tc-scholven.de\/index.php?rest_route=\/wp\/v2\/pages\/777\/revisions"}],"predecessor-version":[{"id":996,"href":"https:\/\/tc-scholven.de\/index.php?rest_route=\/wp\/v2\/pages\/777\/revisions\/996"}],"up":[{"embeddable":true,"href":"https:\/\/tc-scholven.de\/index.php?rest_route=\/wp\/v2\/pages\/785"}],"wp:attachment":[{"href":"https:\/\/tc-scholven.de\/index.php?rest_route=%2Fwp%2Fv2%2Fmedia&parent=777"}],"curies":[{"name":"wp","href":"https:\/\/api.w.org\/{rel}","templated":true}]}}