{"id":785,"date":"2022-03-29T12:00:38","date_gmt":"2022-03-29T10:00:38","guid":{"rendered":"https:\/\/tc-scholven.de\/?page_id=785"},"modified":"2022-03-30T14:12:27","modified_gmt":"2022-03-30T12:12:27","slug":"verein","status":"publish","type":"page","link":"https:\/\/tc-scholven.de\/?page_id=785","title":{"rendered":"Verein"},"content":{"rendered":"<div id=\"pl-785\"  class=\"panel-layout\" ><div id=\"pg-785-0\"  class=\"panel-grid panel-has-style\" ><div style=\"padding: 0px 0; \" data-overlay=\"true\" data-overlay-color=\"#000000\" class=\"panel-row-style panel-row-style-for-785-0\" ><div id=\"pgc-785-0-0\"  class=\"panel-grid-cell\" ><div id=\"panel-785-0-0-0\" class=\"so-panel widget widget_sow-headline panel-first-child\" data-index=\"0\" ><div style=\"text-align: left;\" data-title-color=\"#47425d\" data-headings-color=\"#443f3f\" data-title_alignment=\"center\" class=\"panel-widget-style panel-widget-style-for-785-0-0-0\" ><div\n\t\t\t\n\t\t\tclass=\"so-widget-sow-headline so-widget-sow-headline-default-1eb5c07cf566-785\"\n\t\t\t\n\t\t><div class=\"sow-headline-container \">\n\t\t\t\t\t\t\t<h3 class=\"sow-headline\">\n\t\t\t\t\t\t<b>TC Scholven e.V.<\/b> ... der Verein f\u00fcr Sport und Spa\u00df!\t\t\t\t\t\t<\/h3>\n\t\t\t\t\t\t<\/div>\n<\/div><\/div><\/div><div id=\"panel-785-0-0-1\" class=\"so-panel widget widget_sow-editor panel-last-child\" data-index=\"1\" ><div style=\"text-align: left;\" data-title-color=\"#47425d\" data-headings-color=\"#443f3f\" data-title_alignment=\"center\" class=\"panel-widget-style panel-widget-style-for-785-0-0-1\" ><div\n\t\t\t\n\t\t\tclass=\"so-widget-sow-editor so-widget-sow-editor-base\"\n\t\t\t\n\t\t>\n<div class=\"siteorigin-widget-tinymce textwidget\">\n\t<p>Im Mai 1972 kamen einige Mitarbeiter der damaligen VEBA Kraftwerke Ruhr AG (VKR) auf die Idee, Tennis zu spielen. Man gr\u00fcndete eine Tennisgemeinschaft VKR (TG\/VKR). Es wurden zwei Tennispl\u00e4tze in Buer und Zweckel angepachtet und durch Eigenleistung instand gesetzt.<br \/>\nBei einer Umfrage hatten 67 Personen die Zugeh\u00f6rigkeitserkl\u00e4rung f\u00fcr die TG\/VKR abgegeben.<br \/>\nSo wurde nun f\u00fcnf 'muntere J\u00e4hrchen' Tennis gespielt.<\/p>\n<\/div>\n<\/div><\/div><\/div><\/div><\/div><\/div><\/div>","protected":false},"excerpt":{"rendered":"<p>Im Mai 1972 kamen einige Mitarbeiter der damaligen VEBA Kraftwerke Ruhr AG (VKR) auf die Idee, Tennis zu spielen. Man gr\u00fcndete eine [&hellip;]<\/p>\n","protected":false},"author":1,"featured_media":0,"parent":0,"menu_order":2,"comment_status":"closed","ping_status":"closed","template":"","meta":{"footnotes":""},"class_list":["post-785","page","type-page","status-publish","hentry"],"_links":{"self":[{"href":"https:\/\/tc-scholven.de\/index.php?rest_route=\/wp\/v2\/pages\/785","targetHints":{"allow":["GET"]}}],"collection":[{"href":"https:\/\/tc-scholven.de\/index.php?rest_route=\/wp\/v2\/pages"}],"about":[{"href":"https:\/\/tc-scholven.de\/index.php?rest_route=\/wp\/v2\/types\/page"}],"author":[{"embeddable":true,"href":"https:\/\/tc-scholven.de\/index.php?rest_route=\/wp\/v2\/users\/1"}],"replies":[{"embeddable":true,"href":"https:\/\/tc-scholven.de\/index.php?rest_route=%2Fwp%2Fv2%2Fcomments&post=785"}],"version-history":[{"count":4,"href":"https:\/\/tc-scholven.de\/index.php?rest_route=\/wp\/v2\/pages\/785\/revisions"}],"predecessor-version":[{"id":992,"href":"https:\/\/tc-scholven.de\/index.php?rest_route=\/wp\/v2\/pages\/785\/revisions\/992"}],"wp:attachment":[{"href":"https:\/\/tc-scholven.de\/index.php?rest_route=%2Fwp%2Fv2%2Fmedia&parent=785"}],"curies":[{"name":"wp","href":"https:\/\/api.w.org\/{rel}","templated":true}]}}