{"id":960,"date":"2022-03-30T13:37:39","date_gmt":"2022-03-30T11:37:39","guid":{"rendered":"https:\/\/tc-scholven.de\/?page_id=960"},"modified":"2022-03-30T14:13:35","modified_gmt":"2022-03-30T12:13:35","slug":"spielbetrieb","status":"publish","type":"page","link":"https:\/\/tc-scholven.de\/?page_id=960","title":{"rendered":"Spielbetrieb"},"content":{"rendered":"<div id=\"pl-960\"  class=\"panel-layout\" ><div id=\"pg-960-0\"  class=\"panel-grid panel-has-style\" ><div style=\"padding: 0px 0; \" data-overlay=\"true\" data-overlay-color=\"#000000\" class=\"panel-row-style panel-row-style-for-960-0\" ><div id=\"pgc-960-0-0\"  class=\"panel-grid-cell\" ><div id=\"panel-960-0-0-0\" class=\"so-panel widget widget_sow-headline panel-first-child\" data-index=\"0\" ><div style=\"text-align: left;\" data-title-color=\"#47425d\" data-headings-color=\"#443f3f\" data-title_alignment=\"center\" class=\"panel-widget-style panel-widget-style-for-960-0-0-0\" ><div\n\t\t\t\n\t\t\tclass=\"so-widget-sow-headline so-widget-sow-headline-default-1eb5c07cf566-960\"\n\t\t\t\n\t\t><div class=\"sow-headline-container \">\n\t\t\t\t\t\t\t<h3 class=\"sow-headline\">\n\t\t\t\t\t\tSpielbetrieb <b>passive Mitglieder und G\u00e4ste<\/b>\t\t\t\t\t\t<\/h3>\n\t\t\t\t\t\t<\/div>\n<\/div><\/div><\/div><div id=\"panel-960-0-0-1\" class=\"so-panel widget widget_sow-editor panel-last-child\" data-index=\"1\" ><div style=\"text-align: left;\" data-title-color=\"#47425d\" data-headings-color=\"#443f3f\" data-title_alignment=\"center\" class=\"panel-widget-style panel-widget-style-for-960-0-0-1\" ><div\n\t\t\t\n\t\t\tclass=\"so-widget-sow-editor so-widget-sow-editor-base\"\n\t\t\t\n\t\t>\n<div class=\"siteorigin-widget-tinymce textwidget\">\n\t<h4>Regelung des Spielbetriebes f\u00fcr passive Mitglieder und G\u00e4ste<\/h4>\n<ol>\n<li>passive Mitglieder k\u00f6nnen die Anlage max. 3 mal im Jahr nutzen.<\/li>\n<li>Gastspieler k\u00f6nnen die Anlage max. 5 mal im Jahr nutzen.<\/li>\n<li>Mitglieder, die aus dem Verein ausgetreten sind, d\u00fcrfen erst nach Ablauf von 3 Jahren nach dem Austrittsjahr wieder als Gast spielen.<\/li>\n<\/ol>\n<p>Ausnahmeregelungen sind m\u00f6glich.<\/p>\n<p>Die Gastspielgeb\u00fchr f\u00fcr einen Spielbetrieb von 60 Minuten betr\u00e4gt pro Person 10,00 \u20ac.<br \/>\nG\u00e4ste sind vor dem Spiel als \u201eGast\u201c im Spielplan einzutragen.<br \/>\nDie Gastspielgeb\u00fchr wird in das Gastgeb\u00fchrenbuch im Clubhaus eingetragen.<\/p>\n<p>Gelsenkirchen-Buer, den 23. Juni 2020<\/p>\n<\/div>\n<\/div><\/div><\/div><\/div><\/div><\/div><\/div>","protected":false},"excerpt":{"rendered":"<p>Regelung des Spielbetriebes f\u00fcr passive Mitglieder und G\u00e4ste passive Mitglieder k\u00f6nnen die Anlage max. 3 mal im Jahr nutzen. Gastspieler k\u00f6nnen die [&hellip;]<\/p>\n","protected":false},"author":1,"featured_media":0,"parent":785,"menu_order":5,"comment_status":"closed","ping_status":"closed","template":"","meta":{"footnotes":""},"class_list":["post-960","page","type-page","status-publish","hentry"],"_links":{"self":[{"href":"https:\/\/tc-scholven.de\/index.php?rest_route=\/wp\/v2\/pages\/960","targetHints":{"allow":["GET"]}}],"collection":[{"href":"https:\/\/tc-scholven.de\/index.php?rest_route=\/wp\/v2\/pages"}],"about":[{"href":"https:\/\/tc-scholven.de\/index.php?rest_route=\/wp\/v2\/types\/page"}],"author":[{"embeddable":true,"href":"https:\/\/tc-scholven.de\/index.php?rest_route=\/wp\/v2\/users\/1"}],"replies":[{"embeddable":true,"href":"https:\/\/tc-scholven.de\/index.php?rest_route=%2Fwp%2Fv2%2Fcomments&post=960"}],"version-history":[{"count":6,"href":"https:\/\/tc-scholven.de\/index.php?rest_route=\/wp\/v2\/pages\/960\/revisions"}],"predecessor-version":[{"id":998,"href":"https:\/\/tc-scholven.de\/index.php?rest_route=\/wp\/v2\/pages\/960\/revisions\/998"}],"up":[{"embeddable":true,"href":"https:\/\/tc-scholven.de\/index.php?rest_route=\/wp\/v2\/pages\/785"}],"wp:attachment":[{"href":"https:\/\/tc-scholven.de\/index.php?rest_route=%2Fwp%2Fv2%2Fmedia&parent=960"}],"curies":[{"name":"wp","href":"https:\/\/api.w.org\/{rel}","templated":true}]}}